{"id":3,"date":"2024-11-12T14:06:15","date_gmt":"2024-11-12T13:06:15","guid":{"rendered":"https:\/\/www.janus-pim.hr\/?page_id=3"},"modified":"2026-03-10T09:16:31","modified_gmt":"2026-03-10T08:16:31","slug":"pravila-privatnosti","status":"publish","type":"page","link":"https:\/\/www.janus-pim.hr\/?page_id=3","title":{"rendered":"Pravila privatnosti"},"content":{"rendered":"\n<p>Ova Politika privatnosti opisuje kako Janus Pim  d.o.o. (u daljnjem tekstu: <strong>\u201cmi\u201d<\/strong>\u00a0ili <strong>\u201cVoditelj obrade\u201d<\/strong>) prikuplja, koristi i \u0161titi osobne podatke korisnika koji posje\u0107uju web stranicu <a href=\"http:\/\/www.selekcija.hr\/\"><strong>www.<\/strong><\/a><strong>janus-pim.hr<\/strong><\/p>\n\n\n\n<p><strong>Naziv tvrtke<\/strong>: Janus Pim d.o.o.<br><strong>Sjedi\u0161te<\/strong>: Slunjska 38<\/p>\n\n\n\n<p>Zagreb 10110<br><strong>OIB<\/strong>: 37003833658<br><strong>Kontakt e-mail<\/strong>: <a href=\"mailto:info@janus-pim.hr\">info@janus-pim.hr<\/a><\/p>\n\n\n\n<p><strong>PODACI KOJE PRIKUPLJAMO<\/strong><\/p>\n\n\n\n<p>Putem web stranice <a href=\"http:\/\/www.selekcija.hr\/\">www.janus-pim.hr<\/a>&nbsp;prikupljamo sljede\u0107e vrste podataka:<\/p>\n\n\n\n<ul class=\"wp-block-list\">\n<li><strong>Kontakt podaci<\/strong>&nbsp;(ako ispunite kontakt obrazac): ime i prezime, e-mail adresa, telefonski broj, sadr\u017eaj poruke.<\/li>\n\n\n\n<li><strong>Tehni\u010dki i analiti\u010dki podaci<\/strong>: podaci o ure\u0111aju, pregledniku, pona\u0161anju na stranici (putem kola\u010di\u0107a).<\/li>\n\n\n\n<li><strong>Marketin\u0161ki podaci<\/strong>: putem kola\u010di\u0107a tre\u0107ih strana koji prate interakcije s oglasima (npr. Google Ads).<\/li>\n<\/ul>\n\n\n\n<p><strong>KORI\u0160TENJE KOLA\u010cI\u0106A<\/strong><\/p>\n\n\n\n<p>Web stranica janus-pim.hr koristi kola\u010di\u0107e u analiti\u010dke i marketin\u0161ke svrhe.<\/p>\n\n\n\n<p>Vi\u0161e informacija, uklju\u010duju\u0107i vrstu kola\u010di\u0107a, njihovu funkciju, trajanje i kako ih mo\u017eete onemogu\u0107iti, dostupno je u na\u0161em <a href=\"https:\/\/www.janus-pim.hr\/?page_id=10941\" data-type=\"page\" data-id=\"10941\">Pravilniku o kola\u010di\u0107ima.<\/a><\/p>\n\n\n\n<p><strong>SVRHA I PRAVNA OSNOVA OBRADE<\/strong><\/p>\n\n\n\n<p>Va\u0161e osobne podatke obra\u0111ujemo isklju\u010divo u zakonite svrhe, u skladu s Op\u0107om uredbom o za\u0161titi podataka (GDPR).<\/p>\n\n\n\n<p>Podatke koje nam dobrovoljno ostavite putem kontakt obrasca (ime, prezime, naziv i OIB tvrtke, e-mail adresa, kontakt broj, sadr\u017eaj poruke) koristimo kako bismo odgovorili na va\u0161 upit, pru\u017eili informacije o na\u0161im uslugama ili poduzeli radnje prije eventualnog sklapanja poslovnog odnosa. Pravna osnova za ovu obradu je \u010dlanak 6. stavak 1. to\u010dka (b) GDPR-a \u2013 obrada nu\u017ena za izvr\u0161avanje predugovornih mjera.<\/p>\n\n\n\n<p>Temeljem legitimnog interesa (\u010dlanak 6. stavak 1. to\u010dka (f) GDPR-a), obra\u0111ujemo va\u0161e podatke radi pobolj\u0161anja korisni\u010dkog iskustva i pru\u017eanja relevantnih informacija o na\u0161im uslugama.<\/p>\n\n\n\n<p>Kada je rije\u010d o upotrebi kola\u010di\u0107a u analiti\u010dke svrhe (npr. za pra\u0107enje posje\u0107enosti stranice, pona\u0161anja korisnika ili u\u010dinkovitosti kampanja), kao i za prikaz personaliziranih oglasa, oslanjamo se isklju\u010divo na va\u0161u privolu. Pravna osnova u tim slu\u010dajevima je \u010dlanak 6. stavak 1. to\u010dka (a) GDPR-a. Vi\u0161e detalja pro\u010ditajte u <a href=\"https:\/\/www.janus-pim.hr\/?page_id=10941\" data-type=\"page\" data-id=\"10941\">Pravilniku o kola\u010di\u0107ima.<\/a><\/p>\n\n\n\n<p>Privolu mo\u017eete u svakom trenutku povu\u0107i bez negativnih posljedica, putem postavki kola\u010di\u0107a.<\/p>\n\n\n\n<p><strong>KOLIKO DUGO \u010cUVAMO VA\u0160E PODATKE<\/strong><\/p>\n\n\n\n<p>Va\u0161e podatke \u010duvamo onoliko dugo koliko je potrebno za ostvarenje svrhe u koju su prikupljeni, osim ako zakonom nije propisano druk\u010dije. Npr. podaci iz kontakt forme \u010duvaju se najvi\u0161e 12 mjeseci od primitka, osim ako ne do\u0111e do daljnje suradnje.<\/p>\n\n\n\n<p><strong>PROMJENE OVE POLITIKE<\/strong><\/p>\n\n\n\n<p>Zadr\u017eavamo pravo izmjene ove Politike privatnosti. Svaka izmjena bit \u0107e pravovremeno objavljena na ovoj stranici s a\u017euriranim datumom.<\/p>\n\n\n\n<p><strong>VA\u0160A PRAVA<\/strong><\/p>\n\n\n\n<p>Sukladno uvjetima koji su propisani GDPR-om, Va\u0161a prava uklju\u010duju:<\/p>\n\n\n\n<ul class=\"wp-block-list\">\n<li>pravo na pristup osobnim podacima,<\/li>\n\n\n\n<li>pravo na ispravak, brisanje ili ograni\u010denje obrade Va\u0161ih osobnih podataka,<\/li>\n\n\n\n<li>pravo na prigovor na obradu,<\/li>\n\n\n\n<li>pravo na prenosivost Va\u0161ih osobnih podataka koji se obra\u0111uju.<\/li>\n<\/ul>\n\n\n\n<p>Tako\u0111er, nudimo Vam izbor o na\u010dinu na koji komuniciramo s vama i kako prikupljamo osobne podatke. Kako biste promijenili Va\u0161e postavke i informacije, tra\u017eili uklanjanje s liste primatelja e-po\u0161te, podnijeli zahtjev, molimo da nas kontaktirate na ni\u017ee navedene adrese. Sukladno zakonu, mo\u017eete zatra\u017eiti uvid u va\u0161e osobne podatke ili zatra\u017eiti da ispravimo, izbri\u0161emo ili blokiramo Va\u0161e osobne podatke.<\/p>\n\n\n\n<p><strong>KAKO \u0160TITIMO OSOBNE PODATKE<\/strong><\/p>\n\n\n\n<p>Odr\u017eavamo administrativnu, tehni\u010dku i fizi\u010dku za\u0161titu koja je stvorena kako bi za\u0161titila osobne podatke od nenamjernih, neovla\u0161tenih i nezakonitih izmjena, otkrivanja, kori\u0161tenja ili gubitaka.<\/p>\n\n\n\n<p><strong>A\u017dURIRANJE GLOBALNE POLITIKE PRIVATNOSTI<\/strong><\/p>\n\n\n\n<p>Ova pravila privatnosti mo\u017eemo povremeno a\u017eurirati, bez prethodne najave, kako bi bila u skladu na\u0161em postupanju sa osobnim podacima. Sa zna\u010dajnim promjenama, obavijestiti \u0107emo Vas postavljanjem obavijesti na na\u0161em Portalu.<\/p>\n\n\n\n<p><strong>KONTAKT<\/strong><\/p>\n\n\n\n<p>Ako imate pitanja ili komentar vezano za na\u0161u politiku privatnosti ili \u017eelite promijeniti podatke koje imamo o Vama, molimo Vas da nas kontaktirate na:<br>Janus pim doo<br>Slunjska 38<br>10110 Zagreb<\/p>\n\n\n\n<p>E-mail: <a href=\"mailto:gdpr@janus-pim.hr\">gdpr@janus-pim.hr<\/a><\/p>\n","protected":false},"excerpt":{"rendered":"<p>Ova Politika privatnosti opisuje kako Janus Pim d.o.o. (u daljnjem tekstu: \u201cmi\u201d\u00a0ili \u201cVoditelj obrade\u201d) prikuplja, koristi i \u0161titi osobne podatke korisnika koji posje\u0107uju web stranicu www.janus-pim.hr Naziv tvrtke: Janus Pim d.o.o.Sjedi\u0161te: Slunjska 38 Zagreb 10110OIB: 37003833658Kontakt e-mail: info@janus-pim.hr PODACI KOJE PRIKUPLJAMO Putem web stranice www.janus-pim.hr&nbsp;prikupljamo sljede\u0107e vrste podataka: KORI\u0160TENJE KOLA\u010cI\u0106A Web stranica janus-pim.hr koristi kola\u010di\u0107e&#8230;<\/p>\n","protected":false},"author":1,"featured_media":0,"parent":0,"menu_order":0,"comment_status":"closed","ping_status":"open","template":"","meta":{"footnotes":""},"class_list":["post-3","page","type-page","status-publish","hentry"],"_links":{"self":[{"href":"https:\/\/www.janus-pim.hr\/index.php?rest_route=\/wp\/v2\/pages\/3","targetHints":{"allow":["GET"]}}],"collection":[{"href":"https:\/\/www.janus-pim.hr\/index.php?rest_route=\/wp\/v2\/pages"}],"about":[{"href":"https:\/\/www.janus-pim.hr\/index.php?rest_route=\/wp\/v2\/types\/page"}],"author":[{"embeddable":true,"href":"https:\/\/www.janus-pim.hr\/index.php?rest_route=\/wp\/v2\/users\/1"}],"replies":[{"embeddable":true,"href":"https:\/\/www.janus-pim.hr\/index.php?rest_route=%2Fwp%2Fv2%2Fcomments&post=3"}],"version-history":[{"count":4,"href":"https:\/\/www.janus-pim.hr\/index.php?rest_route=\/wp\/v2\/pages\/3\/revisions"}],"predecessor-version":[{"id":10945,"href":"https:\/\/www.janus-pim.hr\/index.php?rest_route=\/wp\/v2\/pages\/3\/revisions\/10945"}],"wp:attachment":[{"href":"https:\/\/www.janus-pim.hr\/index.php?rest_route=%2Fwp%2Fv2%2Fmedia&parent=3"}],"curies":[{"name":"wp","href":"https:\/\/api.w.org\/{rel}","templated":true}]}}