{"id":10941,"date":"2026-03-10T08:11:09","date_gmt":"2026-03-10T07:11:09","guid":{"rendered":"https:\/\/www.janus-pim.hr\/?page_id=10941"},"modified":"2026-03-10T08:11:10","modified_gmt":"2026-03-10T07:11:10","slug":"pravilnik-o-kolacicima","status":"publish","type":"page","link":"https:\/\/www.janus-pim.hr\/?page_id=10941","title":{"rendered":"Pravilnik o kola\u010di\u0107ima"},"content":{"rendered":"\n<p><br><a href=\"http:\/\/www.Janus-pim.hr\/\">www.Janus-pim.hr<\/a> (dalje u tekstu \u201cWeb stranica\u201d). Nastavkom pregleda ili kori\u0161tenjem na\u0161e Web stranice pristajete na to da mo\u017eemo pohraniti i pristupiti kola\u010di\u0107ima prema opisu u ovom pravilniku.<\/p>\n\n\n\n<h2 class=\"wp-block-heading\">\u0160to su kola\u010di\u0107i<\/h2>\n\n\n\n<p>Kola\u010di\u0107i su male tekstualne datoteke koje web stranica pohranjuje na va\u0161 ure\u0111aj kada posjetite stranicu.<\/p>\n\n\n\n<h2 class=\"wp-block-heading\">Pravna osnova za obradu podataka<\/h2>\n\n\n\n<p>Osim bitno potrebnih kola\u010di\u0107a, koristimo ostale vrste kola\u010di\u0107a na temelju va\u0161eg pristanka. Prihva\u0107anjem kori\u0161tenja kola\u010di\u0107a na na\u0161oj Web stranici, pristajete na njihovu upotrebu u skladu s ovim Pravilnikom o kola\u010di\u0107ima.<\/p>\n\n\n\n<h2 class=\"wp-block-heading\">Koje kola\u010di\u0107e koristimo<\/h2>\n\n\n\n<h3 class=\"wp-block-heading\">Nu\u017eni kola\u010di\u0107i<\/h3>\n\n\n\n<p>Ovi kola\u010di\u0107i su potrebni za osnovno funkcioniranje web stranice.<\/p>\n\n\n\n<p>PH_HPXY_CHECK \u2013 koristi se za odr\u017eavanje aktivne korisni\u010dke sesije i pravilno funkcioniranje web stranice.<\/p>\n\n\n\n<h3 class=\"wp-block-heading\">Funkcionalni kola\u010di\u0107i<\/h3>\n\n\n\n<p>cookie_notice_accepted \u2013 koristi se kako bi zapamtio da je korisnik prihvatio obavijest o kori\u0161tenju kola\u010di\u0107a.<\/p>\n\n\n\n<h2 class=\"wp-block-heading\">Va\u0161i izbori vezani uz kola\u010di\u0107e<\/h2>\n\n\n\n<p>Mo\u017eete upravljati postavkama kola\u010di\u0107a putem postavki svog web preglednika. Ve\u0107ina preglednika omogu\u0107uje vam blokiranje ili brisanje kola\u010di\u0107a s va\u0161eg ure\u0111aja. Imajte na umu da blokiranje ili brisanje kola\u010di\u0107a mo\u017ee utjecati na va\u0161e iskustvo kori\u0161tenja na\u0161e Web stranice, i neke zna\u010dajke mo\u017eda ne\u0107e pravilno funkcionirati.<\/p>\n\n\n\n<h2 class=\"wp-block-heading\">Kontaktirajte nas<\/h2>\n\n\n\n<p>Ako imate bilo kakvih pitanja ili zabrinutosti u vezi s na\u0161om upotrebom kola\u010di\u0107a, kontaktirajte nas na <a href=\"mailto:gdpr@janus-pim.hr\">gdpr@janus-pim.hr<\/a>.<\/p>\n\n\n\n<h2 class=\"wp-block-heading\">Promjene u ovom pravilniku<\/h2>\n\n\n\n<p>Mo\u017eemo povremeno a\u017eurirati ovaj Pravilnik o kola\u010di\u0107ima kako bi odra\u017eavao promjene u na\u0161im praksama ili iz drugih operativnih, pravnih ili regulatornih razloga. Poti\u010demo vas da povremeno pregledavate ovu stranicu za najnovije informacije o na\u0161im praksama kola\u010di\u0107a.<\/p>\n\n\n\n<p><strong>Adresa:<\/strong>&nbsp;Slunjska 38, 10110 Zagreb<\/p>\n\n\n\n<p><strong>Datum:<\/strong>&nbsp;15.6.2025.<\/p>\n\n\n\n<p>Kori\u0161tenjem na\u0161e Web stranice pristajete na upotrebu kola\u010di\u0107a kako je opisano u ovom Pravilniku o kola\u010di\u0107ima.<\/p>\n","protected":false},"excerpt":{"rendered":"<p>www.Janus-pim.hr (dalje u tekstu \u201cWeb stranica\u201d). Nastavkom pregleda ili kori\u0161tenjem na\u0161e Web stranice pristajete na to da mo\u017eemo pohraniti i pristupiti kola\u010di\u0107ima prema opisu u ovom pravilniku. \u0160to su kola\u010di\u0107i Kola\u010di\u0107i su male tekstualne datoteke koje web stranica pohranjuje na va\u0161 ure\u0111aj kada posjetite stranicu. Pravna osnova za obradu podataka Osim bitno potrebnih kola\u010di\u0107a, koristimo&#8230;<\/p>\n","protected":false},"author":1,"featured_media":0,"parent":0,"menu_order":0,"comment_status":"closed","ping_status":"closed","template":"","meta":{"footnotes":""},"class_list":["post-10941","page","type-page","status-publish","hentry"],"_links":{"self":[{"href":"https:\/\/www.janus-pim.hr\/index.php?rest_route=\/wp\/v2\/pages\/10941","targetHints":{"allow":["GET"]}}],"collection":[{"href":"https:\/\/www.janus-pim.hr\/index.php?rest_route=\/wp\/v2\/pages"}],"about":[{"href":"https:\/\/www.janus-pim.hr\/index.php?rest_route=\/wp\/v2\/types\/page"}],"author":[{"embeddable":true,"href":"https:\/\/www.janus-pim.hr\/index.php?rest_route=\/wp\/v2\/users\/1"}],"replies":[{"embeddable":true,"href":"https:\/\/www.janus-pim.hr\/index.php?rest_route=%2Fwp%2Fv2%2Fcomments&post=10941"}],"version-history":[{"count":1,"href":"https:\/\/www.janus-pim.hr\/index.php?rest_route=\/wp\/v2\/pages\/10941\/revisions"}],"predecessor-version":[{"id":10942,"href":"https:\/\/www.janus-pim.hr\/index.php?rest_route=\/wp\/v2\/pages\/10941\/revisions\/10942"}],"wp:attachment":[{"href":"https:\/\/www.janus-pim.hr\/index.php?rest_route=%2Fwp%2Fv2%2Fmedia&parent=10941"}],"curies":[{"name":"wp","href":"https:\/\/api.w.org\/{rel}","templated":true}]}}